{"id":38,"date":"2014-03-26T14:22:55","date_gmt":"2014-03-26T14:22:55","guid":{"rendered":"http:\/\/lpms.dicam.unitn.it\/?page_id=38"},"modified":"2022-05-23T10:19:58","modified_gmt":"2022-05-23T10:19:58","slug":"chi-siamo","status":"publish","type":"page","link":"https:\/\/lpms.dicam.unitn.it\/?page_id=38","title":{"rendered":"Chi siamo"},"content":{"rendered":"<p style=\"text-align: justify;\"><img loading=\"lazy\" decoding=\"async\" class=\" wp-image-44 alignright\" src=\"http:\/\/lpms.dicam.unitn.it\/wp-content\/uploads\/2014\/03\/PIC00002-150x150.jpg\" alt=\"PIC00002\" width=\"220\" height=\"150\" \/><\/p>\n<p>Il LABORATORIO PROVE MATERIALI E STRUTTURE (LPMS)\u00a0fa parte del Dipartimento di Ingegneria Civile Ambientale e Meccanica (DICAM) dell\u2019Universit\u00e0 degli Studi di Trento ed \u00e8 attivo dal 1987. La struttura si \u00e8 ingrandita nel tempo e gli stessi tecnici operano in Laboratorio da quella data ed hanno acquisito una considerevole esperienza professionale. Nel 2003 \u00e8 stato trasferito nella attuale sede, concepita per l\u2019esecuzione di prove pesanti.<\/p>\n<p>LPMS opera a supporto delle attivit\u00e0 di ricerca, di alta formazione e didattiche svolte dal personale docente e ricercatore del medesimo Dipartimento; del mondo industriale e di Enti\u00a0pubblici Nazionali e Internazionali (Ministeri, Enti Statali, Universit\u00e0, Amministrazioni Locali); con soggetti Privati (Laboratori Autorizzati, Industria, Artigianato, Committenti Individuali). Ha inoltre effettuato prove sperimentali per la certificazione di prodotti nazionali presso Enti di certificazione italiani e stranieri.<\/p>\n<p>LPMS \u00e8 membro del consorzio RELUIS, la\u00a0<span style=\"text-decoration: underline;\">R<\/span>ete dei\u00a0<span style=\"text-decoration: underline;\">L<\/span>aboratori\u00a0<span style=\"text-decoration: underline;\">U<\/span>niversitari di\u00a0<span style=\"text-decoration: underline;\">I<\/span>ngegneria\u00a0<span style=\"text-decoration: underline;\">S<\/span>ismica, e fornisce con le proprie dotazioni un importante supporto alle attivit\u00e0 di ricerca svolte in tale ambito, con particolare riferimento alle tematiche di interesse del Dipartimento della Protezione Civile. Inoltre LPMS \u00e8 Laboratorio Ufficiale del Ministero delle Infrastrutture e Trasporti per le prove sui materiali da costruzione ai sensi della Legge 5 novembre 1971, n. 1086, art. 20, come anche richiamato dall\u2019art. 59, del D.P.R. 6 giugno 2001, n. 380.<\/p>\n<p>Le attivit\u00e0 di LPMS si concentrano soprattutto sulla organizzazione ed esecuzione di prove complesse sia al proprio interno che in situ. Principali settori di interesse sono il comportamento meccanico delle strutture e degli elementi strutturali, dei materiali da costruzione, dei materiali compositi, il comportamento dinamico e la resistenza sismica delle strutture, il monitoraggio in situ. L\u2019interesse \u00e8 esteso alle costruzioni civili, industriali e ai sistemi infrastrutturali.<\/p>\n<p style=\"text-align: justify;\">Il Laboratorio Prove Materiali e Strutture in data 19 giugno 2013 ha ottenuto la prima certificazione <strong>ISO 9001:2008<\/strong> e in data 14 giugno 2018 ha rinnovato la certificazione secondo la nuova normativa <strong>ISO 9001:2015<\/strong> per le seguenti attivit\u00e0: &#8220;<strong>Esecuzione di prove su materiali, componenti e strutture<\/strong>&#8220;.<\/p>\n<p><span style=\"color: #ff0000;\"><b>POLITICA DELLA QUALITA&#8217;<\/b><\/span><\/p>\n<p>La qualit\u00e0 dei servizi forniti da LPMS rappresenta un fattore di importanza vitale per la competitivit\u00e0 del Laboratorio stesso e conseguentemente per la prosperit\u00e0 di quanti in esso operano. In particolare, tutto il personale del Laboratorio \u00e8 coinvolto nell\u2019orientamento alla qualit\u00e0, poich\u00e9 la prestazione di ognuno influisce sul risultato finale.<\/p>\n<p>Il Responsabile di LPMS ha pertanto fondato la Politica della Qualit\u00e0 sulle seguenti linee strategiche:<\/p>\n<p>&#8211; Qualit\u00e0 orientata al mercato<\/p>\n<p>&#8211; Qualit\u00e0 e clienti<\/p>\n<p>&#8211; Flessibilit\u00e0 della struttura<\/p>\n<p>&#8211; Qualit\u00e0 e risorse umane<\/p>\n<p>&#8211; Prevenzione degli errori<\/p>\n<p>&#8211; Qualit\u00e0 e miglioramento<\/p>\n<p style=\"text-align: justify;\"><span style=\"color: #ff0000;\"><b>PRINCIPALI DOTAZIONI<\/b><\/span><\/p>\n<p>Le parti qualificanti e uniche di LPMS sono costituite dalla parete di reazione bidirezionale composta da un muro in calcestruzzo armato precompresso di altezza pari a 9.5 m, e da un\u00a0piano di reazione di lunghezza pari a 42 m, entrambi dotati di fori metallici disposti regolarmente per un rapido ed efficace collegamento di strutture\/elementi di dimensioni ragguardevoli e di dispositivi di applicazione del carico. Accanto a macchine universali di prova, trasduttori di spostamento, celle di carico, attrezzatura topografica di precisione, telecamere ad alta frequenza di campionamento, accelerometri e sistemi di acquisizione dati ad alta velocit\u00e0, dispone di 5 attuatori elettroidraulici di capacit\u00e0 fino a 1000 kN e di un impianto oleodinamico capace di erogare in continuo circa 1200 litri\/minuto di olio ad alta pressione (210 bar), una quantit\u00e0 sufficiente ad effettuare prove cicliche ad alta frequenza, ovvero utilizzare simultaneamente numerosi attuatori in modalit\u00e0 quasi-statica.<\/p>\n<h2><span style=\"color: #ff0000;\"><b>Contatto<\/b><\/span><\/h2>\n<address><b style=\"font-size: 14px; line-height: 1.5em;\">LPMS \u2013 Laboratory for Material and Structural Testing<\/b><\/address>\n<div>Via Mesiano, 77 \u2013 38123 Trento<\/div>\n<div>tel. +39 0461 282560 \u2013 2569 \u2013 2577<\/div>\n<div>fax +39 0461 282567<\/div>\n<div><a href=\"mailto:lpms.standard@unitn.it\">lpms.standard@unitn.it<\/a><\/div>\n<div><a href=\"mailto:lpms.complex@unitn.it\">lpms.complex@unitn.it<\/a><\/div>\n<div><\/div>\n<div><\/div>\n<p><iframe loading=\"lazy\" style=\"border: 0;\" src=\"https:\/\/www.google.com\/maps\/embed?pb=!1m14!1m8!1m3!1d2768.2676501748165!2d11.141858200000001!3d46.065704100000005!3m2!1i1024!2i768!4f13.1!3m3!1m2!1s0x478276b8b4002a3f%3A0xc4b1a43d70db1e76!2sVia+Mesiano!5e0!3m2!1sen!2sbd!4v1402076134555\" width=\"600\" height=\"450\" frameborder=\"0\"><\/iframe><\/p>\n","protected":false},"excerpt":{"rendered":"<p>Il LABORATORIO PROVE MATERIALI E STRUTTURE (LPMS)\u00a0fa parte del Dipartimento di Ingegneria Civile Ambientale e Meccanica (DICAM) dell\u2019Universit\u00e0 degli Studi di Trento ed \u00e8 attivo dal 1987. La struttura si \u00e8 ingrandita nel tempo e gli stessi tecnici operano in Laboratorio da quella data ed hanno acquisito una considerevole esperienza professionale. Nel 2003 \u00e8 stato [&hellip;]<\/p>\n","protected":false},"author":1,"featured_media":0,"parent":0,"menu_order":0,"comment_status":"open","ping_status":"closed","template":"","meta":{"footnotes":""},"class_list":["post-38","page","type-page","status-publish","hentry"],"_links":{"self":[{"href":"https:\/\/lpms.dicam.unitn.it\/index.php?rest_route=\/wp\/v2\/pages\/38","targetHints":{"allow":["GET"]}}],"collection":[{"href":"https:\/\/lpms.dicam.unitn.it\/index.php?rest_route=\/wp\/v2\/pages"}],"about":[{"href":"https:\/\/lpms.dicam.unitn.it\/index.php?rest_route=\/wp\/v2\/types\/page"}],"author":[{"embeddable":true,"href":"https:\/\/lpms.dicam.unitn.it\/index.php?rest_route=\/wp\/v2\/users\/1"}],"replies":[{"embeddable":true,"href":"https:\/\/lpms.dicam.unitn.it\/index.php?rest_route=%2Fwp%2Fv2%2Fcomments&post=38"}],"version-history":[{"count":16,"href":"https:\/\/lpms.dicam.unitn.it\/index.php?rest_route=\/wp\/v2\/pages\/38\/revisions"}],"predecessor-version":[{"id":641,"href":"https:\/\/lpms.dicam.unitn.it\/index.php?rest_route=\/wp\/v2\/pages\/38\/revisions\/641"}],"wp:attachment":[{"href":"https:\/\/lpms.dicam.unitn.it\/index.php?rest_route=%2Fwp%2Fv2%2Fmedia&parent=38"}],"curies":[{"name":"wp","href":"https:\/\/api.w.org\/{rel}","templated":true}]}}