{"id":97,"date":"2014-03-31T13:13:05","date_gmt":"2014-03-31T13:13:05","guid":{"rendered":"http:\/\/lpms.dicam.unitn.it\/?page_id=97"},"modified":"2025-03-26T11:55:30","modified_gmt":"2025-03-26T11:55:30","slug":"documento-autenticato","status":"publish","type":"page","link":"https:\/\/lpms.dicam.unitn.it\/?page_id=97","title":{"rendered":"Modulistica"},"content":{"rendered":"<p style=\"text-align: justify;\"><strong><span style=\"color: #000000;\">ISTRUZIONI RELATIVE ALLA COMPILAZIONE DEI MODULI DI RICHIESTA PROVE<\/span><\/strong><\/p>\n<p style=\"text-align: justify;\"><span style=\"color: #000000;\">Il Laboratorio Prove Materiali e Strutture \u00e8 un laboratorio ufficiale ai sensi della legge n. 1086 del 5 novembre 1971 e pertanto pu\u00f2 emettere certificati ufficiali di prova.<\/span><\/p>\n<p style=\"text-align: justify;\"><span style=\"color: #ff0000;\"><strong>Modalit\u00e0 di richiesta<\/strong><\/span><\/p>\n<p style=\"text-align: justify;\"><span style=\"color: #000000;\">Per effettuare le prove \u00e8 necessario trasmettere al Laboratorio, unitamente ai campioni da sottoporre a prova, una richiesta ufficiale di prova. A questo scopo possono essere utilizzati i moduli disponibili nell\u2019area download, in versione .pdf\u00a0 editabile. In dettaglio, il file &#8220;Richiesta Cubetti CLS editabile&#8221; va utilizzato per prove su campioni in calcestruzzo. Il file &#8220;Richiesta Fe per c.a. editabile&#8221; va utilizzato per prove su barre da c.a. Il file &#8220;Richiesta Prove Generiche&#8221; va utilizzato per la richiesta di prove su campioni di carpenteria metallica o di altra natura o prove speciali (ad esempio, prove di carico o prove non distruttive).\u00a0<\/span><\/p>\n<p style=\"text-align: justify;\"><span style=\"color: #000000;\"><strong><span style=\"color: #ff0000;\">Modalit\u00e0 di compilazione<\/span> \u00a0<\/strong><\/span><\/p>\n<p style=\"text-align: justify;\"><span style=\"color: #000000;\">Tutti i campi vanno compilati in modo chiaro ed il modulo va consegnato in originale. Il \u00a0numero del certificato viene apposto dal personale del Laboratorio. Si prega di riportare la ragione sociale, l\u2019indirizzo completo ed il recapito del richiedente, precisando in particolare il numero di codice fiscale e di partita IVA.\u00a0<\/span><\/p>\n<p style=\"text-align: justify;\"><span style=\"color: #ff0000;\"><strong>Dimensioni dei provini\u00a0<\/strong><\/span><\/p>\n<p style=\"text-align: justify;\"><span style=\"color: #000000;\">Gli spezzoni delle barre da c.a. devono avere lunghezza superiore a 50 cm. Si consiglia tuttavia una lunghezza appena superiore ad 100 cm (ad esempio 105 cm) in modo da rendere possibile l\u2019estrazione di un secondo campione di riserva.\u00a0<\/span><\/p>\n<p style=\"text-align: justify;\"><span style=\"color: #ff0000;\"><strong>Modalit\u00e0 di consegna \u00a0<\/strong><\/span><\/p>\n<p style=\"text-align: justify;\"><span style=\"color: #000000;\">Il materiale da sottoporre a prova pu\u00f2 essere consegnato al Laboratorio nelle giornate lavorative, dalle ore 8 alle ore 12. Nello stesso orario \u00e8 possibile ritirare il certificato di prova. \u00a0Modalit\u00e0 di pagamento:\u00a0 <\/span><\/p>\n<ul>\n<li style=\"text-align: justify;\"><span style=\"color: #000000;\">All\u2019atto della consegna del materiale viene emesso un preventivo ufficiale. Il pagamento delle prove va effettuato prima del ritiro del certificato ufficiale secondo la modalit\u00e0 precisata:<\/span><\/li>\n<\/ul>\n<ol style=\"text-align: justify; padding-left: 30px;\">\n<li style=\"list-style-type: none;\">\n<ol style=\"padding-left: 30px;\">\n<li style=\"list-style-type: none;\">\n<ol style=\"padding-left: 30px;\">\n<li><span style=\"line-height: 1.5em;\">con bonifico bancario sul conto di tesoreria dell\u2019 Amministrazione, una volta ricevuta la fattura con indicati gli estremi per il pagamento.<\/span><\/li>\n<\/ol>\n<\/li>\n<\/ol>\n<\/li>\n<\/ol>\n<p style=\"text-align: justify;\"><span style=\"color: #000000;\">Nella causale del versamento si prega di indicare: Laboratorio Prove Materiali e Strutture Rif. certificati n\u2026 La fattura viene inviata al richiedente dall\u2019Amministrazione.<\/span><\/p>\n<p><strong><span style=\"color: #ff0000;\">Nota importante<\/span><\/strong><br \/>\n<span style=\"color: #000000;\">Dal 1 gennaio 2022 il Laboratorio Prove Materiali e Strutture potr\u00e0 accettare pagamenti solamente attraverso pagoPA, il sistema di pagamento adottato obbligatoriamente da tutte le Pubbliche Amministrazioni. A partire da tale data (1 gennaio 2022) il laboratorio emetter\u00e0 la fattura prima del pagamento e la fattura conterr\u00e0 il codice identificativo PagoPA.<\/span><br \/>\n<span style=\"color: #000000;\">Pertanto per chi usufruisce di detrazioni fiscali per gli interventi edilizi oggetto delle prove, si chiede di indicarle nell&#8217;apposito riquadro del &#8220;Modulo Richiesta Prove&#8221;. In mancanza di queste indicazioni verr\u00e0 emessa fattura ordinaria.<\/span><br \/>\n<span style=\"color: #000000;\">Si ricorda che chi usufruisce delle detrazioni fiscali deve farsi applicare la ritenuta alla banca al momento del pagamento.<\/span><\/p>\n<p style=\"text-align: justify;\"><span style=\"color: #000000;\"><p>Displaying <strong>1<\/strong> to <strong>4<\/strong> of <strong>4<\/strong> files.<\/p><h2 id=\"downloadcat-1\"><a href=\"https:\/\/lpms.dicam.unitn.it\/?page_id=95?rest_route=%2Fwp%2Fv2%2Fpages%2F97&dl_cat=1\" title=\"View all downloads in .pdf\">.pdf<\/a><\/h2><div style=\"clear:both;margin-bottom:1px;\"><img decoding=\"async\" src=\"http:\/\/lpms.dicam.unitn.it\/wp-content\/plugins\/wp-downloadmanager\/images\/ext\/pdf.gif\" alt=\"\" title=\"\" style=\"vertical-align: middle;\" align=\"left\" \/>&nbsp;&nbsp;<strong><a href=\"https:\/\/lpms.dicam.unitn.it\/?dl_id=186\">Informativa privacy<\/a><\/strong> <strong>&raquo; 164 bytes - 538 hits - March 17, 2025<\/strong><br \/>Privacy<\/div><div style=\"clear:both;margin-bottom:1px;\"><img decoding=\"async\" src=\"http:\/\/lpms.dicam.unitn.it\/wp-content\/plugins\/wp-downloadmanager\/images\/ext\/pdf.gif\" alt=\"\" title=\"\" style=\"vertical-align: middle;\" align=\"left\" \/>&nbsp;&nbsp;<strong><a href=\"https:\/\/lpms.dicam.unitn.it\/?dl_id=189\">Richiesta Cubetti CLS editabile rev. 2025<\/a><\/strong> <strong>&raquo; 268 bytes - 913 hits - March 26, 2025<\/strong><br \/>Richiesta cubetti CLS<\/div><div style=\"clear:both;margin-bottom:1px;\"><img decoding=\"async\" src=\"http:\/\/lpms.dicam.unitn.it\/wp-content\/plugins\/wp-downloadmanager\/images\/ext\/pdf.gif\" alt=\"\" title=\"\" style=\"vertical-align: middle;\" align=\"left\" \/>&nbsp;&nbsp;<strong><a href=\"https:\/\/lpms.dicam.unitn.it\/?dl_id=190\">Richiesta Fe per C.A. editabile rev. 2025<\/a><\/strong> <strong>&raquo; 291 bytes - 678 hits - March 26, 2025<\/strong><br \/>Richiesta Fe per CA<\/div><div style=\"clear:both;margin-bottom:1px;\"><img decoding=\"async\" src=\"http:\/\/lpms.dicam.unitn.it\/wp-content\/plugins\/wp-downloadmanager\/images\/ext\/pdf.gif\" alt=\"\" title=\"\" style=\"vertical-align: middle;\" align=\"left\" \/>&nbsp;&nbsp;<strong><a href=\"https:\/\/lpms.dicam.unitn.it\/?dl_id=191\">Richiesta generica_editabile rev. 2025<\/a><\/strong> <strong>&raquo; 276 bytes - 200 hits - December 5, 2025<\/strong><br \/>Richiesta generica_editabile rev. 2025<\/div><\/span><\/p>\n","protected":false},"excerpt":{"rendered":"<p>ISTRUZIONI RELATIVE ALLA COMPILAZIONE DEI MODULI DI RICHIESTA PROVE Il Laboratorio Prove Materiali e Strutture \u00e8 un laboratorio ufficiale ai sensi della legge n. 1086 del 5 novembre 1971 e pertanto pu\u00f2 emettere certificati ufficiali di prova. Modalit\u00e0 di richiesta Per effettuare le prove \u00e8 necessario trasmettere al Laboratorio, unitamente ai campioni da sottoporre a [&hellip;]<\/p>\n","protected":false},"author":1,"featured_media":0,"parent":0,"menu_order":0,"comment_status":"open","ping_status":"open","template":"","meta":{"footnotes":""},"class_list":["post-97","page","type-page","status-publish","hentry"],"_links":{"self":[{"href":"https:\/\/lpms.dicam.unitn.it\/index.php?rest_route=\/wp\/v2\/pages\/97","targetHints":{"allow":["GET"]}}],"collection":[{"href":"https:\/\/lpms.dicam.unitn.it\/index.php?rest_route=\/wp\/v2\/pages"}],"about":[{"href":"https:\/\/lpms.dicam.unitn.it\/index.php?rest_route=\/wp\/v2\/types\/page"}],"author":[{"embeddable":true,"href":"https:\/\/lpms.dicam.unitn.it\/index.php?rest_route=\/wp\/v2\/users\/1"}],"replies":[{"embeddable":true,"href":"https:\/\/lpms.dicam.unitn.it\/index.php?rest_route=%2Fwp%2Fv2%2Fcomments&post=97"}],"version-history":[{"count":27,"href":"https:\/\/lpms.dicam.unitn.it\/index.php?rest_route=\/wp\/v2\/pages\/97\/revisions"}],"predecessor-version":[{"id":721,"href":"https:\/\/lpms.dicam.unitn.it\/index.php?rest_route=\/wp\/v2\/pages\/97\/revisions\/721"}],"wp:attachment":[{"href":"https:\/\/lpms.dicam.unitn.it\/index.php?rest_route=%2Fwp%2Fv2%2Fmedia&parent=97"}],"curies":[{"name":"wp","href":"https:\/\/api.w.org\/{rel}","templated":true}]}}